{"id":1219,"date":"2023-08-28T05:57:26","date_gmt":"2023-08-28T05:57:26","guid":{"rendered":"https:\/\/hotellerv6-5.themegoods.com\/accommodations\/"},"modified":"2023-08-28T05:57:26","modified_gmt":"2023-08-28T05:57:26","slug":"accommodations","status":"publish","type":"page","link":"https:\/\/hoteller.hotel-princeanakao.com\/en\/accommodations\/","title":{"rendered":"Accommodations"},"content":{"rendered":"<div class=\"mphb_sc_rooms-wrapper mphb-room-types\">\n<div class=\"mphb-room-type post-199 mphb_room_type type-mphb_room_type status-publish has-post-thumbnail mphb_room_type_tag-anakao mphb_room_type_tag-bungalow mphb_room_type_tag-bungalow-famillial mphb_room_type_tag-chambre-anakao mphb_room_type_facility-eau-chaude-instantanee mphb_room_type_facility-eau-courante mphb_room_type_facility-electricite-24-24 mphb_room_type_facility-moustiquaire mphb_room_type_facility-terrasse mphb_room_type_facility-transat mphb_room_type_facility-ventilateur mphb_room_type_facility-wifi-stralink mphb-room-type-adults-6 mphb-room-type-children-0\">\n\n\t\n\t\n\n\t<div class=\"mphb-room-type-images\">\n\t<div id='mphb-flexslider-gallery-1' class='gallery-columns-1 gallery-size-large mphb-gallery-main-slider mphb-flexslider-gallery-wrapper mphb-room-type-gallery-wrapper mphb-gallery-main-slider-69e3d4257adba' data-flexslider-atts='{\"animation\":\"slide\",\"controlNav\":false,\"animationLoop\":true,\"smoothHeight\":true,\"slideshow\":false}' data-group='69e3d4257adba'><ul class=\"slides\"><li class='gallery-item'><span class='gallery-icon landscape'>\n\t\t\t\t<a href=\"https:\/\/hoteller.hotel-princeanakao.com\/en\/accommodation\/chambre-famillilale\/\"><img fetchpriority=\"high\" decoding=\"async\" width=\"1024\" height=\"576\" src=https://spcdn.shortpixel.ai/spio/ret_img,q_cdnize,to_auto,s_webp:avif/hoteller.hotel-princeanakao.com/wp-content/uploads/2025/07/suite-1024x576.jpg\" class=\"attachment-large size-large\" alt=\"\" srcset=https://spcdn.shortpixel.ai/spio/ret_img,q_cdnize,to_auto,s_webp:avif/hoteller.hotel-princeanakao.com/wp-content/uploads/2025/07/suite-1024x576.jpg 1024w, https:\/\/hoteller.hotel-princeanakao.com\/wp-content\/uploads\/2025\/07\/suite-300x169.jpg 300w, https:\/\/hoteller.hotel-princeanakao.com\/wp-content\/uploads\/2025\/07\/suite-768x432.jpg 768w, https:\/\/hoteller.hotel-princeanakao.com\/wp-content\/uploads\/2025\/07\/suite-1536x864.jpg 1536w, https:\/\/hoteller.hotel-princeanakao.com\/wp-content\/uploads\/2025\/07\/suite-2048x1152.jpg 2048w, https:\/\/hoteller.hotel-princeanakao.com\/wp-content\/uploads\/2025\/07\/suite-440x248.jpg 440w, https:\/\/hoteller.hotel-princeanakao.com\/wp-content\/uploads\/2025\/07\/suite-610x343.jpg 610w, https:\/\/hoteller.hotel-princeanakao.com\/wp-content\/uploads\/2025\/07\/suite-600x338.jpg 600w\" sizes=\"(max-width: 1024px) 100vw, 1024px\" \/><\/a>\n\t\t\t<\/span><\/li><li class='gallery-item'><span class='gallery-icon landscape'>\n\t\t\t\t<a href=\"https:\/\/hoteller.hotel-princeanakao.com\/en\/accommodation\/chambre-famillilale\/\"><img decoding=\"async\" width=\"1024\" height=\"578\" src=https://spcdn.shortpixel.ai/spio/ret_img,q_cdnize,to_auto,s_webp:avif/hoteller.hotel-princeanakao.com/wp-content/uploads/2025/07/twin-famillial4-n10-1024x578.jpg\" class=\"attachment-large size-large\" alt=\"\" srcset=https://spcdn.shortpixel.ai/spio/ret_img,q_cdnize,to_auto,s_webp:avif/hoteller.hotel-princeanakao.com/wp-content/uploads/2025/07/twin-famillial4-n10-1024x578.jpg 1024w, https:\/\/hoteller.hotel-princeanakao.com\/wp-content\/uploads\/2025\/07\/twin-famillial4-n10-300x169.jpg 300w, https:\/\/hoteller.hotel-princeanakao.com\/wp-content\/uploads\/2025\/07\/twin-famillial4-n10-768x433.jpg 768w, https:\/\/hoteller.hotel-princeanakao.com\/wp-content\/uploads\/2025\/07\/twin-famillial4-n10-1536x866.jpg 1536w, https:\/\/hoteller.hotel-princeanakao.com\/wp-content\/uploads\/2025\/07\/twin-famillial4-n10-2048x1155.jpg 2048w, https:\/\/hoteller.hotel-princeanakao.com\/wp-content\/uploads\/2025\/07\/twin-famillial4-n10-440x248.jpg 440w, https:\/\/hoteller.hotel-princeanakao.com\/wp-content\/uploads\/2025\/07\/twin-famillial4-n10-610x344.jpg 610w, https:\/\/hoteller.hotel-princeanakao.com\/wp-content\/uploads\/2025\/07\/twin-famillial4-n10-600x338.jpg 600w\" sizes=\"(max-width: 1024px) 100vw, 1024px\" \/><\/a>\n\t\t\t<\/span><\/li><li class='gallery-item'><span class='gallery-icon landscape'>\n\t\t\t\t<a href=\"https:\/\/hoteller.hotel-princeanakao.com\/en\/accommodation\/chambre-famillilale\/\"><img decoding=\"async\" width=\"1024\" height=\"576\" src=https://spcdn.shortpixel.ai/spio/ret_img,q_cdnize,to_auto,s_webp:avif/hoteller.hotel-princeanakao.com/wp-content/uploads/2025/07/suite-5-1024x576.jpg\" class=\"attachment-large size-large\" alt=\"\" srcset=https://spcdn.shortpixel.ai/spio/ret_img,q_cdnize,to_auto,s_webp:avif/hoteller.hotel-princeanakao.com/wp-content/uploads/2025/07/suite-5-1024x576.jpg 1024w, https:\/\/hoteller.hotel-princeanakao.com\/wp-content\/uploads\/2025\/07\/suite-5-300x169.jpg 300w, https:\/\/hoteller.hotel-princeanakao.com\/wp-content\/uploads\/2025\/07\/suite-5-768x432.jpg 768w, https:\/\/hoteller.hotel-princeanakao.com\/wp-content\/uploads\/2025\/07\/suite-5-1536x864.jpg 1536w, https:\/\/hoteller.hotel-princeanakao.com\/wp-content\/uploads\/2025\/07\/suite-5-2048x1152.jpg 2048w, https:\/\/hoteller.hotel-princeanakao.com\/wp-content\/uploads\/2025\/07\/suite-5-440x248.jpg 440w, https:\/\/hoteller.hotel-princeanakao.com\/wp-content\/uploads\/2025\/07\/suite-5-610x343.jpg 610w, https:\/\/hoteller.hotel-princeanakao.com\/wp-content\/uploads\/2025\/07\/suite-5-600x338.jpg 600w\" sizes=\"(max-width: 1024px) 100vw, 1024px\" \/><\/a>\n\t\t\t<\/span><\/li><li class='gallery-item'><span class='gallery-icon landscape'>\n\t\t\t\t<a href=\"https:\/\/hoteller.hotel-princeanakao.com\/en\/accommodation\/chambre-famillilale\/\"><img loading=\"lazy\" decoding=\"async\" width=\"1024\" height=\"578\" src=https://spcdn.shortpixel.ai/spio/ret_img,q_cdnize,to_auto,s_webp:avif/hoteller.hotel-princeanakao.com/wp-content/uploads/2025/07/suite-4-1024x578.jpg\" class=\"attachment-large size-large\" alt=\"\" srcset=https://spcdn.shortpixel.ai/spio/ret_img,q_cdnize,to_auto,s_webp:avif/hoteller.hotel-princeanakao.com/wp-content/uploads/2025/07/suite-4-1024x578.jpg 1024w, https:\/\/hoteller.hotel-princeanakao.com\/wp-content\/uploads\/2025\/07\/suite-4-300x169.jpg 300w, https:\/\/hoteller.hotel-princeanakao.com\/wp-content\/uploads\/2025\/07\/suite-4-768x433.jpg 768w, https:\/\/hoteller.hotel-princeanakao.com\/wp-content\/uploads\/2025\/07\/suite-4-1536x866.jpg 1536w, https:\/\/hoteller.hotel-princeanakao.com\/wp-content\/uploads\/2025\/07\/suite-4-2048x1155.jpg 2048w, https:\/\/hoteller.hotel-princeanakao.com\/wp-content\/uploads\/2025\/07\/suite-4-440x248.jpg 440w, https:\/\/hoteller.hotel-princeanakao.com\/wp-content\/uploads\/2025\/07\/suite-4-610x344.jpg 610w, https:\/\/hoteller.hotel-princeanakao.com\/wp-content\/uploads\/2025\/07\/suite-4-600x338.jpg 600w\" sizes=\"(max-width: 1024px) 100vw, 1024px\" \/><\/a>\n\t\t\t<\/span><\/li><li class='gallery-item'><span class='gallery-icon landscape'>\n\t\t\t\t<a href=\"https:\/\/hoteller.hotel-princeanakao.com\/en\/accommodation\/chambre-famillilale\/\"><img loading=\"lazy\" decoding=\"async\" width=\"1024\" height=\"578\" src=https://spcdn.shortpixel.ai/spio/ret_img,q_cdnize,to_auto,s_webp:avif/hoteller.hotel-princeanakao.com/wp-content/uploads/2025/07/suite-2-1024x578.jpg\" class=\"attachment-large size-large\" alt=\"\" srcset=https://spcdn.shortpixel.ai/spio/ret_img,q_cdnize,to_auto,s_webp:avif/hoteller.hotel-princeanakao.com/wp-content/uploads/2025/07/suite-2-1024x578.jpg 1024w, https:\/\/hoteller.hotel-princeanakao.com\/wp-content\/uploads\/2025\/07\/suite-2-300x169.jpg 300w, https:\/\/hoteller.hotel-princeanakao.com\/wp-content\/uploads\/2025\/07\/suite-2-768x433.jpg 768w, https:\/\/hoteller.hotel-princeanakao.com\/wp-content\/uploads\/2025\/07\/suite-2-1536x866.jpg 1536w, https:\/\/hoteller.hotel-princeanakao.com\/wp-content\/uploads\/2025\/07\/suite-2-2048x1155.jpg 2048w, https:\/\/hoteller.hotel-princeanakao.com\/wp-content\/uploads\/2025\/07\/suite-2-440x248.jpg 440w, https:\/\/hoteller.hotel-princeanakao.com\/wp-content\/uploads\/2025\/07\/suite-2-610x344.jpg 610w, https:\/\/hoteller.hotel-princeanakao.com\/wp-content\/uploads\/2025\/07\/suite-2-600x338.jpg 600w\" sizes=\"(max-width: 1024px) 100vw, 1024px\" \/><\/a>\n\t\t\t<\/span><\/li><\/ul>\n\t\t<\/div>\n<div id='mphb-flexslider-gallery-2' class='gallery-columns-4 gallery-size-thumbnail mphb-gallery-thumbnail-slider mphb-flexslider-gallery-wrapper mphb-room-type-gallery-wrapper mphb-gallery-thumbnail-slider-69e3d4257adba' data-flexslider-atts='{\"animation\":\"slide\",\"controlNav\":false,\"animationLoop\":true,\"slideshow\":false,\"itemMargin\":5}' data-group='69e3d4257adba'><ul class=\"slides\"><li class='gallery-item'><span class='gallery-icon landscape'>\n\t\t\t\t<a href='https:\/\/hoteller.hotel-princeanakao.com\/en\/suite\/'><img loading=\"lazy\" decoding=\"async\" width=\"150\" height=\"150\" src=https://spcdn.shortpixel.ai/spio/ret_img,q_cdnize,to_auto,s_webp:avif/hoteller.hotel-princeanakao.com/wp-content/uploads/2025/07/suite-150x150.jpg\" class=\"attachment-thumbnail size-thumbnail\" alt=\"\" srcset=https://spcdn.shortpixel.ai/spio/ret_img,q_cdnize,to_auto,s_webp:avif/hoteller.hotel-princeanakao.com/wp-content/uploads/2025/07/suite-150x150.jpg 150w, https:\/\/hoteller.hotel-princeanakao.com\/wp-content\/uploads\/2025\/07\/suite-610x610.jpg 610w, https:\/\/hoteller.hotel-princeanakao.com\/wp-content\/uploads\/2025\/07\/suite-300x300.jpg 300w, https:\/\/hoteller.hotel-princeanakao.com\/wp-content\/uploads\/2025\/07\/suite-100x100.jpg 100w\" sizes=\"(max-width: 150px) 100vw, 150px\" \/><\/a>\n\t\t\t<\/span><\/li><li class='gallery-item'><span class='gallery-icon landscape'>\n\t\t\t\t<a href='https:\/\/hoteller.hotel-princeanakao.com\/en\/twin-famillial4-n10\/'><img loading=\"lazy\" decoding=\"async\" width=\"150\" height=\"150\" src=https://spcdn.shortpixel.ai/spio/ret_img,q_cdnize,to_auto,s_webp:avif/hoteller.hotel-princeanakao.com/wp-content/uploads/2025/07/twin-famillial4-n10-150x150.jpg\" class=\"attachment-thumbnail size-thumbnail\" alt=\"\" srcset=https://spcdn.shortpixel.ai/spio/ret_img,q_cdnize,to_auto,s_webp:avif/hoteller.hotel-princeanakao.com/wp-content/uploads/2025/07/twin-famillial4-n10-150x150.jpg 150w, https:\/\/hoteller.hotel-princeanakao.com\/wp-content\/uploads\/2025\/07\/twin-famillial4-n10-610x610.jpg 610w, https:\/\/hoteller.hotel-princeanakao.com\/wp-content\/uploads\/2025\/07\/twin-famillial4-n10-300x300.jpg 300w, https:\/\/hoteller.hotel-princeanakao.com\/wp-content\/uploads\/2025\/07\/twin-famillial4-n10-100x100.jpg 100w\" sizes=\"(max-width: 150px) 100vw, 150px\" \/><\/a>\n\t\t\t<\/span><\/li><li class='gallery-item'><span class='gallery-icon landscape'>\n\t\t\t\t<a href='https:\/\/hoteller.hotel-princeanakao.com\/en\/suite-5\/'><img loading=\"lazy\" decoding=\"async\" width=\"150\" height=\"150\" src=https://spcdn.shortpixel.ai/spio/ret_img,q_cdnize,to_auto,s_webp:avif/hoteller.hotel-princeanakao.com/wp-content/uploads/2025/07/suite-5-150x150.jpg\" class=\"attachment-thumbnail size-thumbnail\" alt=\"\" srcset=https://spcdn.shortpixel.ai/spio/ret_img,q_cdnize,to_auto,s_webp:avif/hoteller.hotel-princeanakao.com/wp-content/uploads/2025/07/suite-5-150x150.jpg 150w, https:\/\/hoteller.hotel-princeanakao.com\/wp-content\/uploads\/2025\/07\/suite-5-610x610.jpg 610w, https:\/\/hoteller.hotel-princeanakao.com\/wp-content\/uploads\/2025\/07\/suite-5-300x300.jpg 300w, https:\/\/hoteller.hotel-princeanakao.com\/wp-content\/uploads\/2025\/07\/suite-5-100x100.jpg 100w\" sizes=\"(max-width: 150px) 100vw, 150px\" \/><\/a>\n\t\t\t<\/span><\/li><li class='gallery-item'><span class='gallery-icon landscape'>\n\t\t\t\t<a href='https:\/\/hoteller.hotel-princeanakao.com\/en\/suite-4\/'><img loading=\"lazy\" decoding=\"async\" width=\"150\" height=\"150\" src=https://spcdn.shortpixel.ai/spio/ret_img,q_cdnize,to_auto,s_webp:avif/hoteller.hotel-princeanakao.com/wp-content/uploads/2025/07/suite-4-150x150.jpg\" class=\"attachment-thumbnail size-thumbnail\" alt=\"\" srcset=https://spcdn.shortpixel.ai/spio/ret_img,q_cdnize,to_auto,s_webp:avif/hoteller.hotel-princeanakao.com/wp-content/uploads/2025/07/suite-4-150x150.jpg 150w, https:\/\/hoteller.hotel-princeanakao.com\/wp-content\/uploads\/2025\/07\/suite-4-610x610.jpg 610w, https:\/\/hoteller.hotel-princeanakao.com\/wp-content\/uploads\/2025\/07\/suite-4-300x300.jpg 300w, https:\/\/hoteller.hotel-princeanakao.com\/wp-content\/uploads\/2025\/07\/suite-4-100x100.jpg 100w\" sizes=\"(max-width: 150px) 100vw, 150px\" \/><\/a>\n\t\t\t<\/span><\/li><li class='gallery-item'><span class='gallery-icon landscape'>\n\t\t\t\t<a href='https:\/\/hoteller.hotel-princeanakao.com\/en\/suite-2\/'><img loading=\"lazy\" decoding=\"async\" width=\"150\" height=\"150\" src=https://spcdn.shortpixel.ai/spio/ret_img,q_cdnize,to_auto,s_webp:avif/hoteller.hotel-princeanakao.com/wp-content/uploads/2025/07/suite-2-150x150.jpg\" class=\"attachment-thumbnail size-thumbnail\" alt=\"\" srcset=https://spcdn.shortpixel.ai/spio/ret_img,q_cdnize,to_auto,s_webp:avif/hoteller.hotel-princeanakao.com/wp-content/uploads/2025/07/suite-2-150x150.jpg 150w, https:\/\/hoteller.hotel-princeanakao.com\/wp-content\/uploads\/2025\/07\/suite-2-610x610.jpg 610w, https:\/\/hoteller.hotel-princeanakao.com\/wp-content\/uploads\/2025\/07\/suite-2-300x300.jpg 300w, https:\/\/hoteller.hotel-princeanakao.com\/wp-content\/uploads\/2025\/07\/suite-2-100x100.jpg 100w\" sizes=\"(max-width: 150px) 100vw, 150px\" \/><\/a>\n\t\t\t<\/span><\/li><\/ul>\n\t\t<\/div>\n\n\t<\/div>\n\t\n<h2 class=\"mphb-room-type-title entry-title\">\n\n<a class=\"mphb-room-type-title\" href=\"https:\/\/hoteller.hotel-princeanakao.com\/en\/accommodation\/chambre-famillilale\/\">Bungalow famillial<\/a>\n\n<\/h2>\n\n<p>Bungalow Famillial Surface De 60 \u00e8 120 m\u00b2 Bed type 2 Twin \/ King-size Vue Vue sur l&rsquo;ile de Nosy Ve D\u00e9couvrez un univers de luxe et de confort \u00e0 l&rsquo;h\u00f4tel prince Anakao, o\u00f9 vos r\u00eaves d&rsquo;escapade parfaite prennent vie. [&hellip;]<\/p>\n\n\n<h3 class=\"mphb-room-type-details-title\">Details<\/h3><ul class=\"mphb-loop-room-type-attributes\">\n\t<li class=\"mphb-room-type-total-capacity\"><span class=\"mphb-attribute-title mphb-total-capacity-title\">Guests:<\/span><span class=\"mphb-attribute-value\">\n\t6\n\t<\/span><\/li>\t\n\n\n\t<li class=\"mphb-room-type-facilities\"><span class=\"mphb-attribute-title mphb-facilities-title\">Amenities:<\/span><span class=\"mphb-attribute-value\"> <span class=\"facility-eau-chaude-instantanee\"><a href=\"https:\/\/hoteller.hotel-princeanakao.com\/en\/accommodation-facility\/eau-chaude-instantanee\/\">Eau chaude instantan\u00e9e<\/a><\/span>, <span class=\"facility-eau-courante\"><a href=\"https:\/\/hoteller.hotel-princeanakao.com\/en\/accommodation-facility\/eau-courante\/\">Eau courante<\/a><\/span>, <span class=\"facility-electricite-24-24\"><a href=\"https:\/\/hoteller.hotel-princeanakao.com\/en\/accommodation-facility\/electricite-24-24\/\">Electricit\u00e9 24\/24<\/a><\/span>, <span class=\"facility-moustiquaire\"><a href=\"https:\/\/hoteller.hotel-princeanakao.com\/en\/accommodation-facility\/moustiquaire\/\">Moustiquaire<\/a><\/span>, <span class=\"facility-terrasse\"><a href=\"https:\/\/hoteller.hotel-princeanakao.com\/en\/accommodation-facility\/terrasse\/\">Terrasse<\/a><\/span>, <span class=\"facility-transat\"><a href=\"https:\/\/hoteller.hotel-princeanakao.com\/en\/accommodation-facility\/transat\/\">Transat<\/a><\/span>, <span class=\"facility-ventilateur\"><a href=\"https:\/\/hoteller.hotel-princeanakao.com\/en\/accommodation-facility\/ventilateur\/\">Ventilateur<\/a><\/span>, <span class=\"facility-wifi-stralink\"><a href=\"https:\/\/hoteller.hotel-princeanakao.com\/en\/accommodation-facility\/wifi-stralink\/\">WIFI Stralink<\/a><\/span><\/span><\/li>\n\t\n\n\n\t<li class=\"mphb-room-type-view\"><span class=\"mphb-attribute-title mphb-view-title\">View:<\/span><span class=\"mphb-attribute-value\">\n\tVue sur le lagon & Nosy-Ve\n\t<\/span><\/li>\n\t\n\n\n\t<li class=\"mphb-room-type-size\"><span class=\"mphb-attribute-title mphb-size-title\">Size:<\/span><span class=\"mphb-attribute-value\">\n\t60m\u00b2\n\t<\/span><\/li>\n\t\n\n\t<li class=\"mphb-room-type-bed-type\"><span  class=\"mphb-attribute-title mphb-bed-type-title\">Bed Type:<\/span><span class=\"mphb-attribute-value\">\n\tking Size\n\t<\/span><\/li>\n\t\n\n<\/ul>\n\n\t<p class=\"mphb-regular-price\"><strong>Prices start at:<\/strong>\n\t<span class=\"mphb-price\">63&nbsp;<span class=\"mphb-currency\">&euro;<\/span><\/span> <span class=\"mphb-price-period\" title=\"Choose dates to see relevant prices\">per night<\/span>\n\t<\/p>\n\t\n<p class=\"mphb-view-details-button-wrapper\">\n<a class=\"button mphb-view-details-button\" href=\"https:\/\/hoteller.hotel-princeanakao.com\/en\/accommodation\/chambre-famillilale\/\" >View Details<\/a>\n<\/p>\n<div class=\"mphb-to-book-btn-wrapper\">\n<form action=\"https:\/\/hoteller.hotel-princeanakao.com\/en\/accommodation\/chambre-famillilale\/#booking-form-199\" method=\"get\" data-trp-original-action=\"https:\/\/hoteller.hotel-princeanakao.com\/en\/accommodation\/chambre-famillilale\/#booking-form-199\" ><button type=\"submit\" class=\"button mphb-book-button\" >Book<\/button><input type=\"hidden\" name=\"trp-form-language\" value=\"en\"\/><\/form>\n<br\/><\/div>\n\t\n<\/div>\n\n<div class=\"mphb-room-type post-182 mphb_room_type type-mphb_room_type status-publish has-post-thumbnail mphb_room_type_facility-eau-chaude-instantanee mphb_room_type_facility-eau-courante mphb_room_type_facility-electricite-24-24 mphb_room_type_facility-moustiquaire mphb_room_type_facility-terrasse mphb_room_type_facility-transat mphb_room_type_facility-ventilateur mphb_room_type_facility-wifi-stralink mphb-room-type-adults-2 mphb-room-type-children-2\">\n\n\t\n\t\n\n\t<p class=\"post-thumbnail mphb-loop-room-thumbnail\">\n\t<a href=\"https:\/\/hoteller.hotel-princeanakao.com\/en\/accommodation\/bungalow-double\/\">\n\t<img loading=\"lazy\" decoding=\"async\" width=\"2560\" height=\"1923\" src=https://spcdn.shortpixel.ai/spio/ret_img,q_cdnize,to_auto,s_webp:avif/hoteller.hotel-princeanakao.com/wp-content/uploads/2023/08/PRINCEANAKAO-ben_16-scaled.jpg\" class=\"attachment-post-thumbnail size-post-thumbnail wp-post-image\" alt=\"\" srcset=https://spcdn.shortpixel.ai/spio/ret_img,q_cdnize,to_auto,s_webp:avif/hoteller.hotel-princeanakao.com/wp-content/uploads/2023/08/PRINCEANAKAO-ben_16-scaled.jpg 2560w, https:\/\/hoteller.hotel-princeanakao.com\/wp-content\/uploads\/2023\/08\/PRINCEANAKAO-ben_16-300x225.jpg 300w, https:\/\/hoteller.hotel-princeanakao.com\/wp-content\/uploads\/2023\/08\/PRINCEANAKAO-ben_16-1024x769.jpg 1024w, https:\/\/hoteller.hotel-princeanakao.com\/wp-content\/uploads\/2023\/08\/PRINCEANAKAO-ben_16-768x577.jpg 768w, https:\/\/hoteller.hotel-princeanakao.com\/wp-content\/uploads\/2023\/08\/PRINCEANAKAO-ben_16-1536x1154.jpg 1536w, https:\/\/hoteller.hotel-princeanakao.com\/wp-content\/uploads\/2023\/08\/PRINCEANAKAO-ben_16-2048x1538.jpg 2048w, https:\/\/hoteller.hotel-princeanakao.com\/wp-content\/uploads\/2023\/08\/PRINCEANAKAO-ben_16-16x12.jpg 16w, https:\/\/hoteller.hotel-princeanakao.com\/wp-content\/uploads\/2023\/08\/PRINCEANAKAO-ben_16-440x331.jpg 440w, https:\/\/hoteller.hotel-princeanakao.com\/wp-content\/uploads\/2023\/08\/PRINCEANAKAO-ben_16-610x458.jpg 610w, https:\/\/hoteller.hotel-princeanakao.com\/wp-content\/uploads\/2023\/08\/PRINCEANAKAO-ben_16-600x451.jpg 600w\" sizes=\"(max-width: 2560px) 100vw, 2560px\" \/>\t<\/a>\n\n\t<\/p>\n\n<h2 class=\"mphb-room-type-title entry-title\">\n\n<a class=\"mphb-room-type-title\" href=\"https:\/\/hoteller.hotel-princeanakao.com\/en\/accommodation\/bungalow-double\/\">Bungalow double<\/a>\n\n<\/h2>\n\n<p>Bungalow double Surfaces moyennes 50m\u00b2 Type de lit 2 Twin \/ King-size Vue Sur l&rsquo;ile de Nosy Ve D\u00e9couvrez un univers de luxe et de confort Prince Anakao, o\u00f9 vos r\u00eaves d&rsquo;escapade parfaite prennent vie. Nich\u00e9 au c\u0153ur d&rsquo;une nature [&hellip;]<\/p>\n\n\n<h3 class=\"mphb-room-type-details-title\">Details<\/h3><ul class=\"mphb-loop-room-type-attributes\">\n\t<li class=\"mphb-room-type-total-capacity\"><span class=\"mphb-attribute-title mphb-total-capacity-title\">Guests:<\/span><span class=\"mphb-attribute-value\">\n\t3\n\t<\/span><\/li>\t\n\n\n\t<li class=\"mphb-room-type-facilities\"><span class=\"mphb-attribute-title mphb-facilities-title\">Amenities:<\/span><span class=\"mphb-attribute-value\"> <span class=\"facility-eau-chaude-instantanee\"><a href=\"https:\/\/hoteller.hotel-princeanakao.com\/en\/accommodation-facility\/eau-chaude-instantanee\/\">Eau chaude instantan\u00e9e<\/a><\/span>, <span class=\"facility-eau-courante\"><a href=\"https:\/\/hoteller.hotel-princeanakao.com\/en\/accommodation-facility\/eau-courante\/\">Eau courante<\/a><\/span>, <span class=\"facility-electricite-24-24\"><a href=\"https:\/\/hoteller.hotel-princeanakao.com\/en\/accommodation-facility\/electricite-24-24\/\">Electricit\u00e9 24\/24<\/a><\/span>, <span class=\"facility-moustiquaire\"><a href=\"https:\/\/hoteller.hotel-princeanakao.com\/en\/accommodation-facility\/moustiquaire\/\">Moustiquaire<\/a><\/span>, <span class=\"facility-terrasse\"><a href=\"https:\/\/hoteller.hotel-princeanakao.com\/en\/accommodation-facility\/terrasse\/\">Terrasse<\/a><\/span>, <span class=\"facility-transat\"><a href=\"https:\/\/hoteller.hotel-princeanakao.com\/en\/accommodation-facility\/transat\/\">Transat<\/a><\/span>, <span class=\"facility-ventilateur\"><a href=\"https:\/\/hoteller.hotel-princeanakao.com\/en\/accommodation-facility\/ventilateur\/\">Ventilateur<\/a><\/span>, <span class=\"facility-wifi-stralink\"><a href=\"https:\/\/hoteller.hotel-princeanakao.com\/en\/accommodation-facility\/wifi-stralink\/\">WIFI Stralink<\/a><\/span><\/span><\/li>\n\t\n\n\n\t<li class=\"mphb-room-type-view\"><span class=\"mphb-attribute-title mphb-view-title\">View:<\/span><span class=\"mphb-attribute-value\">\n\tVue sur Nosy Ve\n\t<\/span><\/li>\n\t\n\n\n\t<li class=\"mphb-room-type-size\"><span class=\"mphb-attribute-title mphb-size-title\">Size:<\/span><span class=\"mphb-attribute-value\">\n\t40m\u00b2\n\t<\/span><\/li>\n\t\n\n\t<li class=\"mphb-room-type-bed-type\"><span  class=\"mphb-attribute-title mphb-bed-type-title\">Bed Type:<\/span><span class=\"mphb-attribute-value\">\n\tQueen-size\n\t<\/span><\/li>\n\t\n\n<\/ul>\n\n\t<p class=\"mphb-regular-price\"><strong>Prices start at:<\/strong>\n\t<span class=\"mphb-price\">43&nbsp;<span class=\"mphb-currency\">&euro;<\/span><\/span> <span class=\"mphb-price-period\" title=\"Choose dates to see relevant prices\">per night<\/span>\n\t<\/p>\n\t\n<p class=\"mphb-view-details-button-wrapper\">\n<a class=\"button mphb-view-details-button\" href=\"https:\/\/hoteller.hotel-princeanakao.com\/en\/accommodation\/bungalow-double\/\" >View Details<\/a>\n<\/p>\n<div class=\"mphb-to-book-btn-wrapper\">\n<form action=\"https:\/\/hoteller.hotel-princeanakao.com\/en\/accommodation\/bungalow-double\/#booking-form-182\" method=\"get\" data-trp-original-action=\"https:\/\/hoteller.hotel-princeanakao.com\/en\/accommodation\/bungalow-double\/#booking-form-182\" ><button type=\"submit\" class=\"button mphb-book-button\" >Book<\/button><input type=\"hidden\" name=\"trp-form-language\" value=\"en\"\/><\/form>\n<br\/><\/div>\n\t\n<\/div>\n<\/div>","protected":false},"excerpt":{"rendered":"","protected":false},"author":1,"featured_media":0,"parent":0,"menu_order":0,"comment_status":"closed","ping_status":"closed","template":"","meta":{"_monsterinsights_skip_tracking":false,"_monsterinsights_sitenote_active":false,"_monsterinsights_sitenote_note":"","_monsterinsights_sitenote_category":0,"footnotes":""},"class_list":["post-1219","page","type-page","status-publish","hentry"],"_links":{"self":[{"href":"https:\/\/hoteller.hotel-princeanakao.com\/en\/wp-json\/wp\/v2\/pages\/1219","targetHints":{"allow":["GET"]}}],"collection":[{"href":"https:\/\/hoteller.hotel-princeanakao.com\/en\/wp-json\/wp\/v2\/pages"}],"about":[{"href":"https:\/\/hoteller.hotel-princeanakao.com\/en\/wp-json\/wp\/v2\/types\/page"}],"author":[{"embeddable":true,"href":"https:\/\/hoteller.hotel-princeanakao.com\/en\/wp-json\/wp\/v2\/users\/1"}],"replies":[{"embeddable":true,"href":"https:\/\/hoteller.hotel-princeanakao.com\/en\/wp-json\/wp\/v2\/comments?post=1219"}],"version-history":[{"count":0,"href":"https:\/\/hoteller.hotel-princeanakao.com\/en\/wp-json\/wp\/v2\/pages\/1219\/revisions"}],"wp:attachment":[{"href":"https:\/\/hoteller.hotel-princeanakao.com\/en\/wp-json\/wp\/v2\/media?parent=1219"}],"curies":[{"name":"wp","href":"https:\/\/api.w.org\/{rel}","templated":true}]}}